{"id":36,"date":"2020-10-14T12:00:41","date_gmt":"2020-10-14T10:00:41","guid":{"rendered":"https:\/\/my-balanced-digital-life.com\/?page_id=36"},"modified":"2020-11-28T16:22:13","modified_gmt":"2020-11-28T15:22:13","slug":"a-propos","status":"publish","type":"page","link":"https:\/\/my-balanced-digital-life.com\/index.php\/a-propos\/","title":{"rendered":"A propos"},"content":{"rendered":"\n<p>L\u2019id\u00e9e de ce blog m\u2019est venue apr\u00e8s de nombreux chamboulements dans ma vie et de multiples remises en question comme nous pouvons tous le vivre.<\/p>\n\n\n\n<p>J&rsquo;avais l&rsquo;envie d&rsquo;\u00e9crire, de partager, d&rsquo;apprendre, &#8230; mais je n&rsquo;avais pas encore la th\u00e9matique, le fil conducteur,&#8230;<\/p>\n\n\n\n<p>Un jour, j&rsquo;ai eu le d\u00e9clic. Toutes mes id\u00e9es, mes passions, mes inspirations personnelles et professionnelles se sont rassembl\u00e9es, coordonn\u00e9es, et j&rsquo;ai enfin trouv\u00e9 la th\u00e9matique de mon blog :<\/p>\n\n\n\n<p class=\"has-text-align-center has-medium-font-size\"><strong>Le num\u00e9rique pour tous<\/strong><\/p>\n\n\n\n<p>Mon objectif est de parler du num\u00e9rique mais je l&rsquo;esp\u00e8re de mani\u00e8re un peu diff\u00e9rente, qui puisse parler \u00e0 TOUS quel que soit son usage et sa connaissance des outils num\u00e9riques. Je travaille depuis plus de 10 ans dans le monde du num\u00e9rique, je suis presque une \u00ab\u00a0digitale native\u00a0\u00bb, je suis convaincue des opportunit\u00e9s et pourtant certains jours je suis compl\u00e8tement perdue dans le flot d&rsquo;informations, effray\u00e9e par l&rsquo;arriv\u00e9e de certaines technologies,&#8230; J&rsquo;entends aussi autour de moi des appr\u00e9hensions de la part de personnes coup\u00e9es de ce monde-l\u00e0 et qui se sentent exclus, ou alors \u00e0 l&rsquo;inverse de personnes trop connect\u00e9es et qui souhaitent retrouver une vie plus sereine.<\/p>\n\n\n\n<p>La naissance de ma fille m\u2019a fait r\u00e9aliser ce qui \u00e9tait essentiel et j\u2019ai notamment revu ma consommation des outils num\u00e9riques qui prenaient une \u00e9norme place dans ma vie personnelle comme professionnelle. Comme beaucoup de personnes, j\u2019\u00e9tais en permanence accroch\u00e9e \u00e0 mon t\u00e9l\u00e9phone ou \u00e0 mon PC \u00e0 surveiller la prochaine notification ou \u00e0 regarder pour la \u00e9ni\u00e8me fois s\u2019il n\u2019y a pas un nouveau post sur les r\u00e9seaux sociaux. J\u2019ai alors identifi\u00e9 mon r\u00e9el besoin des outils num\u00e9riques afin de mieux les int\u00e9grer dans mon quotidien, et pouvoir de nouveau me connecter plus souvent au monde r\u00e9el avec mon entourage. Cette exp\u00e9rience m\u2019a fait comprendre qu\u2019il \u00e9tait important de reprendre le contr\u00f4le de l\u2019usage du num\u00e9rique dans sa vie, connaitre les opportunit\u00e9s et les d\u00e9rives possibles afin d\u2019obtenir une vie plus \u00e9quilibr\u00e9e et plus en accord avec soi.<\/p>\n\n\n\n<p class=\"has-text-align-center has-medium-font-size\"><strong>Mieux appr\u00e9hender le num\u00e9rique au quodidien<\/strong><\/p>\n\n\n\n<p>J&rsquo;ai alors souhait\u00e9 partager ma connaissance, mon exp\u00e9rience, mes r\u00e9flexions sur le sujet.<\/p>\n\n\n\n<p>Ce blog est divis\u00e9 en 4 parties principales :<\/p>\n\n\n\n<ul class=\"wp-block-list\"><li><strong>Culture num\u00e9rique<\/strong> : Mieux connaitre le monde du num\u00e9rique qui nous entoure pour devenir un utilisateur \u00e9clair\u00e9<\/li><li><strong>Ma vie ON<\/strong> : Partager mon exp\u00e9rience du num\u00e9rique et mes astuces pour int\u00e9grer les outils num\u00e9riques dans son quotidien<\/li><li><strong>Ma vie OFF<\/strong> : Partager mon exp\u00e9rience du minimalisme num\u00e9rique et mes astuces pour trouver son \u00e9quilibre num\u00e9rique<\/li><li><strong>R\u00e9flexions<\/strong> : Discuter des enjeux et des impacts individuels et soci\u00e9taux de la transition num\u00e9rique<\/li><\/ul>\n\n\n\n<p>Pour conclure, je souhaite aider \u00e0 mieux appr\u00e9hender le num\u00e9rique dans nos quotidiens.<\/p>\n\n\n\n<p>Bonne lecture !<\/p>\n","protected":false},"excerpt":{"rendered":"<p>L\u2019id\u00e9e de ce blog m\u2019est venue apr\u00e8s de nombreux chamboulements dans ma vie et de multiples remises en question comme nous pouvons tous le vivre. J&rsquo;avais l&rsquo;envie d&rsquo;\u00e9crire, de partager, d&rsquo;apprendre, &#8230; mais je n&rsquo;avais pas encore la th\u00e9matique, le fil conducteur,&#8230; Un jour, j&rsquo;ai eu le d\u00e9clic. Toutes mes id\u00e9es, mes passions, mes inspirations personnelles et professionnelles se sont rassembl\u00e9es, coordonn\u00e9es, et j&rsquo;ai enfin trouv\u00e9 la th\u00e9matique de mon blog : Le num\u00e9rique pour tous Mon objectif est de parler du num\u00e9rique mais je l&rsquo;esp\u00e8re de mani\u00e8re un peu diff\u00e9rente, qui puisse parler \u00e0 TOUS quel que soit son usage et sa connaissance des outils num\u00e9riques. Je travaille depuis plus de 10 ans dans le monde du num\u00e9rique, je suis presque une \u00ab\u00a0digitale native\u00a0\u00bb, je suis convaincue des opportunit\u00e9s et pourtant certains jours je suis compl\u00e8tement perdue dans le flot d&rsquo;informations, effray\u00e9e par l&rsquo;arriv\u00e9e de certaines technologies,&#8230; J&rsquo;entends aussi autour de moi des appr\u00e9hensions de la part de personnes coup\u00e9es de ce monde-l\u00e0 et qui se sentent exclus, ou alors \u00e0 l&rsquo;inverse de personnes trop connect\u00e9es et qui souhaitent retrouver une vie plus sereine. La naissance de ma fille m\u2019a fait r\u00e9aliser ce qui \u00e9tait essentiel et j\u2019ai notamment revu ma consommation des outils num\u00e9riques qui prenaient une \u00e9norme place dans ma vie personnelle comme professionnelle. Comme beaucoup de personnes, j\u2019\u00e9tais en permanence accroch\u00e9e \u00e0 mon t\u00e9l\u00e9phone ou \u00e0 mon PC \u00e0 surveiller la prochaine notification ou \u00e0 regarder pour la \u00e9ni\u00e8me fois s\u2019il n\u2019y a pas un nouveau post sur les r\u00e9seaux sociaux. J\u2019ai alors identifi\u00e9 mon r\u00e9el besoin des outils num\u00e9riques afin de mieux les int\u00e9grer dans mon quotidien, et pouvoir de nouveau me connecter plus souvent au monde r\u00e9el avec mon entourage. Cette exp\u00e9rience m\u2019a fait comprendre qu\u2019il \u00e9tait important de reprendre le contr\u00f4le de l\u2019usage du num\u00e9rique dans sa vie, connaitre les opportunit\u00e9s et les d\u00e9rives possibles afin d\u2019obtenir une vie plus \u00e9quilibr\u00e9e et plus en accord avec soi. Mieux appr\u00e9hender le num\u00e9rique au quodidien J&rsquo;ai alors souhait\u00e9 partager ma connaissance, mon exp\u00e9rience, mes r\u00e9flexions sur le sujet. Ce blog est divis\u00e9 en 4 parties principales : Culture num\u00e9rique : Mieux connaitre le monde du num\u00e9rique qui nous entoure pour devenir un utilisateur \u00e9clair\u00e9 Ma vie ON : Partager mon exp\u00e9rience du num\u00e9rique et mes astuces pour int\u00e9grer les outils num\u00e9riques dans son quotidien Ma vie OFF : Partager mon exp\u00e9rience du minimalisme num\u00e9rique et mes astuces pour trouver son \u00e9quilibre num\u00e9rique R\u00e9flexions : Discuter des enjeux et des impacts individuels et soci\u00e9taux de la transition num\u00e9rique Pour conclure, je souhaite aider \u00e0 mieux appr\u00e9hender le num\u00e9rique dans nos quotidiens. Bonne lecture !<\/p>\n","protected":false},"author":1,"featured_media":0,"parent":0,"menu_order":0,"comment_status":"closed","ping_status":"closed","template":"","meta":{"footnotes":""},"class_list":["post-36","page","type-page","status-publish","hentry"],"_links":{"self":[{"href":"https:\/\/my-balanced-digital-life.com\/index.php\/wp-json\/wp\/v2\/pages\/36","targetHints":{"allow":["GET"]}}],"collection":[{"href":"https:\/\/my-balanced-digital-life.com\/index.php\/wp-json\/wp\/v2\/pages"}],"about":[{"href":"https:\/\/my-balanced-digital-life.com\/index.php\/wp-json\/wp\/v2\/types\/page"}],"author":[{"embeddable":true,"href":"https:\/\/my-balanced-digital-life.com\/index.php\/wp-json\/wp\/v2\/users\/1"}],"replies":[{"embeddable":true,"href":"https:\/\/my-balanced-digital-life.com\/index.php\/wp-json\/wp\/v2\/comments?post=36"}],"version-history":[{"count":5,"href":"https:\/\/my-balanced-digital-life.com\/index.php\/wp-json\/wp\/v2\/pages\/36\/revisions"}],"predecessor-version":[{"id":209,"href":"https:\/\/my-balanced-digital-life.com\/index.php\/wp-json\/wp\/v2\/pages\/36\/revisions\/209"}],"wp:attachment":[{"href":"https:\/\/my-balanced-digital-life.com\/index.php\/wp-json\/wp\/v2\/media?parent=36"}],"curies":[{"name":"wp","href":"https:\/\/api.w.org\/{rel}","templated":true}]}}